{"id":6555,"date":"2022-10-15T11:51:04","date_gmt":"2022-10-15T11:51:04","guid":{"rendered":"https:\/\/www.ausrosgimnazija.kalveliai.vilniausr.lm.lt\/?page_id=6555"},"modified":"2023-09-21T06:47:37","modified_gmt":"2023-09-21T06:47:37","slug":"darbo-taryba","status":"publish","type":"page","link":"https:\/\/www.ausros.vilniausr.lm.lt\/?page_id=6555","title":{"rendered":"Darbo taryba"},"content":{"rendered":"\n<p>&#8211; tikybos, ekonomikos mokytoja <strong>Jekaterina Zvereva<\/strong>;<\/p>\n\n\n\n<p>&#8211; pradinio ugdymo mokytoja metodinink\u0117 <strong>Jolanta Pa\u0161utien\u0117<\/strong>;<\/p>\n\n\n\n<p>&#8211; prie\u0161mokyklinio ugdymo mokytoja <strong>Inga Meleikien\u0117<\/strong>;<\/p>\n\n\n\n<p>&#8211; spec. pedagog\u0117, dail\u0117s vyresnioji mokytoja <strong>An\u017eelika Valiavi\u010dien\u0117<\/strong>.<\/p>\n\n\n\n<p><strong><a href=\"https:\/\/www.ausrosgimnazija.kalveliai.vilniausr.lm.lt\/wp-content\/uploads\/2022\/11\/darbo-tarybos-reglamentas.pdf\">Darbo tarybos reglamentas<\/a><\/strong><\/p>\n\n\n\n<p>Atnaujinta: 2023-09-01<\/p>\n","protected":false},"excerpt":{"rendered":"<p>&#8211; tikybos, ekonomikos mokytoja Jekaterina Zvereva; &#8211; pradinio ugdymo mokytoja metodinink\u0117 Jolanta Pa\u0161utien\u0117; &#8211; prie\u0161mokyklinio ugdymo mokytoja Inga Meleikien\u0117; &#8211; spec. pedagog\u0117, dail\u0117s vyresnioji mokytoja An\u017eelika Valiavi\u010dien\u0117. Darbo tarybos reglamentas Atnaujinta: 2023-09-01<\/p>\n","protected":false},"author":3,"featured_media":0,"parent":0,"menu_order":0,"comment_status":"closed","ping_status":"closed","template":"","meta":{"footnotes":""},"class_list":["post-6555","page","type-page","status-publish","hentry"],"_links":{"self":[{"href":"https:\/\/www.ausros.vilniausr.lm.lt\/index.php?rest_route=\/wp\/v2\/pages\/6555","targetHints":{"allow":["GET"]}}],"collection":[{"href":"https:\/\/www.ausros.vilniausr.lm.lt\/index.php?rest_route=\/wp\/v2\/pages"}],"about":[{"href":"https:\/\/www.ausros.vilniausr.lm.lt\/index.php?rest_route=\/wp\/v2\/types\/page"}],"author":[{"embeddable":true,"href":"https:\/\/www.ausros.vilniausr.lm.lt\/index.php?rest_route=\/wp\/v2\/users\/3"}],"replies":[{"embeddable":true,"href":"https:\/\/www.ausros.vilniausr.lm.lt\/index.php?rest_route=%2Fwp%2Fv2%2Fcomments&post=6555"}],"version-history":[{"count":4,"href":"https:\/\/www.ausros.vilniausr.lm.lt\/index.php?rest_route=\/wp\/v2\/pages\/6555\/revisions"}],"predecessor-version":[{"id":8757,"href":"https:\/\/www.ausros.vilniausr.lm.lt\/index.php?rest_route=\/wp\/v2\/pages\/6555\/revisions\/8757"}],"wp:attachment":[{"href":"https:\/\/www.ausros.vilniausr.lm.lt\/index.php?rest_route=%2Fwp%2Fv2%2Fmedia&parent=6555"}],"curies":[{"name":"wp","href":"https:\/\/api.w.org\/{rel}","templated":true}]}}