{"id":788,"date":"2019-10-02T19:32:25","date_gmt":"2019-10-02T19:32:25","guid":{"rendered":"http:\/\/www.ausrosgimnazija.kalveliai.vilniausr.lm.lt\/?page_id=788"},"modified":"2019-10-02T19:32:25","modified_gmt":"2019-10-02T19:32:25","slug":"elektroninis-dienynas","status":"publish","type":"page","link":"https:\/\/www.ausros.vilniausr.lm.lt\/?page_id=788","title":{"rendered":"Elektroninis dienynas"},"content":{"rendered":"\n<p><strong>Prisijungimas<\/strong><\/p>\n\n\n\n<p>Pirmam prisijungimui prie sistemos naudokite prisijungimo vard\u0105 ir slapta\u017eod\u012f gaut\u0105 i\u0161 mokyklos administratoriaus ar klas\u0117s vadovo.<\/p>\n\n\n\n<figure class=\"wp-block-image\"><img loading=\"lazy\" decoding=\"async\" width=\"566\" height=\"58\" src=\"http:\/\/www.ausrosgimnazija.kalveliai.vilniausr.lm.lt\/wp-content\/uploads\/2019\/10\/image.png\" alt=\"\" class=\"wp-image-789\" srcset=\"https:\/\/www.ausros.vilniausr.lm.lt\/wp-content\/uploads\/2019\/10\/image.png 566w, https:\/\/www.ausros.vilniausr.lm.lt\/wp-content\/uploads\/2019\/10\/image-300x31.png 300w, https:\/\/www.ausros.vilniausr.lm.lt\/wp-content\/uploads\/2019\/10\/image-360x37.png 360w\" sizes=\"auto, (max-width: 566px) 100vw, 566px\" \/><\/figure>\n\n\n\n<p><strong><em>Pa\u0161to patvirtinimas<\/em><\/strong><\/p>\n\n\n\n<p>Pirm\u0105 kart\u0105 jungiantis prie sistemos tur\u0117site patvirtinti savo tikr\u0105j\u012f el. pa\u0161to adres\u0105. Sistema Jums parodys, koks yra dabartinis, sistemoje \u012fra\u0161ytas, el. pa\u0161to adresas. \u012e tu\u0161\u010di\u0105 laukel\u012f \u012fra\u0161ykite savo&nbsp;<strong>TIKR\u0104<\/strong>&nbsp;el. pa\u0161to adres\u0105, \u012f kur\u012f Jums bus i\u0161si\u0173stas elektroninis lai\u0161kas. Atsidar\u0119 lai\u0161k\u0105 nukopijuokite atsi\u0173st\u0105 nuorod\u0105 \u012f interneto nar\u0161ykl\u0117s lang\u0105. Sistema Jums prane\u0161, kad el. pa\u0161to adresas yra patvirtintas. Jei pa\u0161to d\u0117\u017eut\u0117je nematote lai\u0161ko, patikrinkite \u201e\u0160lam\u0161to\u201c (SPAM) katalog\u0105.<\/p>\n\n\n\n<p>Jei el. pa\u0161to adreso patvirtinti nepavyksta, arba negaunate lai\u0161ko \u012f J\u016bs\u0173 elektronin\u012f pa\u0161to adres\u0105, kur\u012f \u012fra\u0161\u0117te, apie tai reik\u0117t\u0173 informuoti sistemos \u201eMano dienynas\u201c administracij\u0105 el. pa\u0161tu \u2013&nbsp;<a href=\"http:\/\/web.archive.org\/web\/20181130071334\/mailto:info@manodienynas.lt\">info@manodienynas.lt<\/a>.<\/p>\n\n\n\n<p><strong>Nepavyksta prisijungti?<\/strong><\/p>\n\n\n\n<p>Jeigu nepavyksta prisijungti prie sistemos, pagrindiniame sistemos puslapyje spauskite&nbsp;<em><strong>[Negalite prisijungti?]<\/strong>.&nbsp;<\/em>\u010cia rasite vis\u0105 informacij\u0105, d\u0117l koki\u0173 prie\u017ea\u0161\u010di\u0173 negalite prisijungti prie sistemos.<\/p>\n\n\n\n<p><strong>Atsijungti<\/strong><\/p>\n\n\n\n<p>Nor\u0117dami atsijungti i\u0161 sistemos, prie savo prisijungimo vardo (de\u0161in\u0117je vir\u0161uje) spauskite&nbsp;<em><strong>[Atsijungti]&nbsp;<\/strong>.<\/em><\/p>\n","protected":false},"excerpt":{"rendered":"<p>Prisijungimas Pirmam prisijungimui prie sistemos naudokite prisijungimo vard\u0105 ir slapta\u017eod\u012f gaut\u0105 i\u0161 mokyklos administratoriaus ar klas\u0117s vadovo. Pa\u0161to patvirtinimas Pirm\u0105 kart\u0105 jungiantis prie sistemos tur\u0117site patvirtinti savo tikr\u0105j\u012f el. pa\u0161to adres\u0105. Sistema Jums parodys, koks yra dabartinis, sistemoje \u012fra\u0161ytas, el. <a href=\"https:\/\/www.ausros.vilniausr.lm.lt\/?page_id=788\" class=\"read-more\">Daugiau &#8230;<\/a><\/p>\n","protected":false},"author":3,"featured_media":0,"parent":0,"menu_order":0,"comment_status":"closed","ping_status":"closed","template":"","meta":{"footnotes":""},"class_list":["post-788","page","type-page","status-publish","hentry"],"_links":{"self":[{"href":"https:\/\/www.ausros.vilniausr.lm.lt\/index.php?rest_route=\/wp\/v2\/pages\/788","targetHints":{"allow":["GET"]}}],"collection":[{"href":"https:\/\/www.ausros.vilniausr.lm.lt\/index.php?rest_route=\/wp\/v2\/pages"}],"about":[{"href":"https:\/\/www.ausros.vilniausr.lm.lt\/index.php?rest_route=\/wp\/v2\/types\/page"}],"author":[{"embeddable":true,"href":"https:\/\/www.ausros.vilniausr.lm.lt\/index.php?rest_route=\/wp\/v2\/users\/3"}],"replies":[{"embeddable":true,"href":"https:\/\/www.ausros.vilniausr.lm.lt\/index.php?rest_route=%2Fwp%2Fv2%2Fcomments&post=788"}],"version-history":[{"count":1,"href":"https:\/\/www.ausros.vilniausr.lm.lt\/index.php?rest_route=\/wp\/v2\/pages\/788\/revisions"}],"predecessor-version":[{"id":790,"href":"https:\/\/www.ausros.vilniausr.lm.lt\/index.php?rest_route=\/wp\/v2\/pages\/788\/revisions\/790"}],"wp:attachment":[{"href":"https:\/\/www.ausros.vilniausr.lm.lt\/index.php?rest_route=%2Fwp%2Fv2%2Fmedia&parent=788"}],"curies":[{"name":"wp","href":"https:\/\/api.w.org\/{rel}","templated":true}]}}