{"id":80,"date":"2019-08-31T12:11:52","date_gmt":"2019-08-31T12:11:52","guid":{"rendered":"http:\/\/localhost:8080\/wordpress\/?page_id=80"},"modified":"2025-03-03T09:21:06","modified_gmt":"2025-03-03T09:21:06","slug":"darbo-uzmokestis","status":"publish","type":"page","link":"https:\/\/www.ausros.vilniausr.lm.lt\/?page_id=80","title":{"rendered":"Darbo u\u017emokestis"},"content":{"rendered":"\n<p>Vilniaus r. Kalveli\u0173 \u201eAu\u0161ros\u201c gimnazijos darbuotoj\u0173 darbo u\u017emokestis skai\u010diuojamas vadovaujantis Lietuvos Respublikos Vyriausyb\u0117s nutarimais ir kitais teis\u0117s aktais. Gimnazijos darbuotoj\u0173 darbo u\u017emokestis skai\u010diuojamas vadovaujantis Lietuvos Respublikos valstyb\u0117s ir savivaldybi\u0173 \u012fstaig\u0173 darbuotoj\u0173 darbo apmok\u0117jimo ir komisij\u0173 nari\u0173 atlygio u\u017e darb\u0105 2023 m. gruod\u017eio 14 d. \u012fstatymu Nr. XIV-2341 (suvestin\u0117 redakcija nuo 2025-01-01 iki 2025-08-31)<\/p>\n\n\n\n<p class=\"has-text-align-center\"><strong>VILNIAUS R. KALVELI\u0172 \u201eAU\u0160ROS\u201c GIMNAZIJOS VIDUTINIS M\u0116NESINIS NUSTATYTASIS (PASKIRTASIS) DARBO U\u017dMOKESTIS<\/strong><\/p>\n\n\n\n<figure class=\"wp-block-table\"><table><tbody><tr><td><strong>Pareigyb\u0117s pavadinimas<\/strong><\/td><td><strong>Darbuotoj\u0173, einan\u010di\u0173 \u0161ias pareigas, skai\u010dius<\/strong><\/td><td><strong>2024 m. IV ketvirtis<\/strong><\/td><\/tr><tr><td>Direktorius<\/td><td>1<\/td><td>3998<\/td><\/tr><tr><td>Direktoriaus pavaduotojas ugdymui<\/td><td>1<\/td><td>3684<\/td><\/tr><tr><td>Direktoriaus pavaduotojas \u016bkio reikalams<\/td><td>1<\/td><td>2035<\/td><\/tr><tr><td>Mokytojas<\/td><td>24<\/td><td>3210<\/td><\/tr><tr><td>Pagalbos mokiniui specialistas<\/td><td>1<\/td><td>1276<\/td><\/tr><tr><td>Socialinis pedagogas<\/td><td>&#8211;<\/td><td>&#8211;<\/td><\/tr><tr><td>Spec. pedagogas<\/td><td>1<\/td><td>1138<\/td><\/tr><tr><td>Logopedas<\/td><td>1<\/td><td>1089<\/td><\/tr><tr><td>Bibliotekininkas<\/td><td>2<\/td><td>950<\/td><\/tr><tr><td>Ra\u0161tin\u0117s ved\u0117jas<\/td><td>1<\/td><td>1357<\/td><\/tr><tr><td>Informatikas in\u017einierius<\/td><td>1<\/td><td>1119<\/td><\/tr><tr><td>Elektrikas in\u017einierius<\/td><td>1<\/td><td>687<\/td><\/tr><tr><td>Mokytojo pad\u0117j\u0117jas<\/td><td>1<\/td><td>1276<\/td><\/tr><tr><td>Mokinio pad\u0117j\u0117jas<\/td><td>4<\/td><td>1277<\/td><\/tr><tr><td>Vairuotojas<\/td><td>2<\/td><td>1277<\/td><\/tr><tr><td>Valytojos<\/td><td>8<\/td><td>924<\/td><\/tr><tr><td>Vir\u0117jas<\/td><td>2<\/td><td>1277<\/td><\/tr><tr><td>Vyr.vir\u0117jas<\/td><td>1<\/td><td>1375<\/td><\/tr><tr><td>Skalb\u0117jas<\/td><td>1<\/td><td>231<\/td><\/tr><tr><td>Einamojo remonto darbininkas<\/td><td>4<\/td><td>924<\/td><\/tr><tr><td>Kiemsargis<\/td><td>1<\/td><td>924<\/td><\/tr><tr><td>Sargas<\/td><td>2<\/td><td>924<\/td><\/tr><\/tbody><\/table><\/figure>\n\n\n\n<p>Atnaujinta: 2024-10-01<\/p>\n","protected":false},"excerpt":{"rendered":"<p>Vilniaus r. Kalveli\u0173 \u201eAu\u0161ros\u201c gimnazijos darbuotoj\u0173 darbo u\u017emokestis skai\u010diuojamas vadovaujantis Lietuvos Respublikos Vyriausyb\u0117s nutarimais ir kitais teis\u0117s aktais. Gimnazijos darbuotoj\u0173 darbo u\u017emokestis skai\u010diuojamas vadovaujantis Lietuvos Respublikos valstyb\u0117s ir savivaldybi\u0173 \u012fstaig\u0173 darbuotoj\u0173 darbo apmok\u0117jimo ir komisij\u0173 nari\u0173 atlygio u\u017e darb\u0105 2023 <a href=\"https:\/\/www.ausros.vilniausr.lm.lt\/?page_id=80\" class=\"read-more\">Daugiau &#8230;<\/a><\/p>\n","protected":false},"author":3,"featured_media":0,"parent":0,"menu_order":0,"comment_status":"closed","ping_status":"closed","template":"","meta":{"footnotes":""},"class_list":["post-80","page","type-page","status-publish","hentry"],"_links":{"self":[{"href":"https:\/\/www.ausros.vilniausr.lm.lt\/index.php?rest_route=\/wp\/v2\/pages\/80","targetHints":{"allow":["GET"]}}],"collection":[{"href":"https:\/\/www.ausros.vilniausr.lm.lt\/index.php?rest_route=\/wp\/v2\/pages"}],"about":[{"href":"https:\/\/www.ausros.vilniausr.lm.lt\/index.php?rest_route=\/wp\/v2\/types\/page"}],"author":[{"embeddable":true,"href":"https:\/\/www.ausros.vilniausr.lm.lt\/index.php?rest_route=\/wp\/v2\/users\/3"}],"replies":[{"embeddable":true,"href":"https:\/\/www.ausros.vilniausr.lm.lt\/index.php?rest_route=%2Fwp%2Fv2%2Fcomments&post=80"}],"version-history":[{"count":29,"href":"https:\/\/www.ausros.vilniausr.lm.lt\/index.php?rest_route=\/wp\/v2\/pages\/80\/revisions"}],"predecessor-version":[{"id":11474,"href":"https:\/\/www.ausros.vilniausr.lm.lt\/index.php?rest_route=\/wp\/v2\/pages\/80\/revisions\/11474"}],"wp:attachment":[{"href":"https:\/\/www.ausros.vilniausr.lm.lt\/index.php?rest_route=%2Fwp%2Fv2%2Fmedia&parent=80"}],"curies":[{"name":"wp","href":"https:\/\/api.w.org\/{rel}","templated":true}]}}