{"id":81,"date":"2019-08-31T12:11:52","date_gmt":"2019-08-31T12:11:52","guid":{"rendered":"http:\/\/localhost:8080\/wordpress\/?page_id=81"},"modified":"2026-03-02T13:59:59","modified_gmt":"2026-03-02T13:59:59","slug":"viesieji-pirkimai","status":"publish","type":"page","link":"https:\/\/www.ausros.vilniausr.lm.lt\/?page_id=81","title":{"rendered":"Vie\u0161ieji pirkimai"},"content":{"rendered":"\n<p><strong>Lietuvos Respublikos vie\u0161\u0173j\u0173 pirkim\u0173 \u012fstatymas <\/strong><\/p>\n\n\n\n<p><a href=\"https:\/\/www.e-tar.lt\/portal\/lt\/legalAct\/TAR.C54AFFAA7622\">https:\/\/www.e-tar.lt\/portal\/lt\/legalAct\/TAR.C54AFFAA7622<\/a><\/p>\n\n\n\n<p><strong>Aplinkos apsaugos kriterij\u0173 taikymo, vykdant \u017ealiuosius pirkimus, tvarkos apra\u0161as bei Produkt\u0173, kuri\u0173 vie\u0161iesiems pirkimams ir pirkimams taikytini minimal\u016bs aplinkos apsaugos kriterijai, s\u0105ra\u0161as <\/strong><\/p>\n\n\n\n<p><a href=\"https:\/\/www.e-tar.lt\/portal\/lt\/legalAct\/TAR.4B60A8C9678B\/asr\">https:\/\/www.e-tar.lt\/portal\/lt\/legalAct\/TAR.4B60A8C9678B\/asr<\/a><\/p>\n\n\n\n<p><strong>Vilniaus r. Kalveli\u0173 &#8222;Au\u0161ros&#8221; gimnazijos ma\u017eos vert\u0117s vie\u0161ieji pirkimai organizuojami vadovaujantis Vie\u0161\u0173j\u0173 pirkim\u0173 tarnybos direktoriaus patvirtintu Ma\u017eos vert\u0117s pirkim\u0173 tvarkos apra\u0161u <\/strong><\/p>\n\n\n\n<p><a href=\"https:\/\/www.e-tar.lt\/portal\/lt\/legalAct\/a0f25f005ca411e79198ffdb108a3753\">https:\/\/www.e-tar.lt\/portal\/lt\/legalAct\/a0f25f005ca411e79198ffdb108a3753<\/a><\/p>\n\n\n\n<p><a href=\"http:\/\/www.ausrosgimnazija.kalveliai.vilniausr.lm.lt\/wp-content\/uploads\/2021\/05\/Vie\u0161\u0173j\u0173-pirkim\u0173-organizavimo-ir-vidaus-kontrol\u0117s-tvarkos-apra\u0161as2020-1.pdf\">VIE\u0160\u0172J\u0172 PIRKIM\u0172 ORGANIZAVIMO IR VIDAUS KONTROL\u0116S TVARKOS APRA\u0160AS<\/a><\/p>\n\n\n\n<hr class=\"wp-block-separator has-css-opacity\"\/>\n\n\n\n<div class=\"wp-block-file\"><a id=\"wp-block-file--media-9f9c5fe0-01bd-4c8f-80d3-0eb66a2312ad\" href=\"https:\/\/www.ausros.vilniausr.lm.lt\/wp-content\/uploads\/2026\/03\/2026-m.-VIESUJU-PIRKIMU-BEI-DARBU-PLANAS.pdf\" target=\"_blank\" rel=\"noreferrer noopener\">2026 m. VIE\u0160\u0172J\u0172 PIRKIM\u0172 BEI DARB\u0172 PLANAS<\/a><\/div>\n\n\n\n<div class=\"wp-block-file\"><a id=\"wp-block-file--media-57a38343-523c-402b-8999-a3b435b272cd\" href=\"https:\/\/www.ausros.vilniausr.lm.lt\/wp-content\/uploads\/2025\/09\/2025-m.-VIESUJU-PIRKIMU-BEI-DARBU-PLANAS.pdf\" target=\"_blank\" rel=\"noreferrer noopener\">2025 m. VIE\u0160\u0172J\u0172 PIRKIM\u0172 BEI DARB\u0172 PLANAS<\/a><\/div>\n\n\n\n<div class=\"wp-block-file\"><a id=\"wp-block-file--media-8615fb8d-1c53-4c3e-a465-79ede3284ec1\" href=\"https:\/\/www.ausrosgimnazija.kalveliai.vilniausr.lm.lt\/wp-content\/uploads\/2025\/05\/2024-m.-VIESUJU-PIRKIMU-BEI-DARBU-PLANAS.pdf\" target=\"_blank\" rel=\"noreferrer noopener\">2024 m. VIE\u0160\u0172J\u0172 PIRKIM\u0172 BEI DARB\u0172 PLANAS<\/a><\/div>\n\n\n\n<div class=\"wp-block-file\"><a id=\"wp-block-file--media-dafe85d7-462f-4b54-94f8-2d41c3b728ac\" href=\"https:\/\/www.ausrosgimnazija.kalveliai.vilniausr.lm.lt\/wp-content\/uploads\/2024\/11\/2023-m.-VIESUJU-PIRKIMU-BEI-DARBU-PLANAS.pdf\" target=\"_blank\" rel=\"noreferrer noopener\">2023 m. VIE\u0160\u0172J\u0172 PIRKIM\u0172 BEI DARB\u0172 PLANAS<\/a><\/div>\n\n\n\n<div class=\"wp-block-file\"><a id=\"wp-block-file--media-46ceffc5-f647-402c-94d7-46bf1865d829\" href=\"https:\/\/www.ausrosgimnazija.kalveliai.vilniausr.lm.lt\/wp-content\/uploads\/2022\/10\/2021-m.-VIESUJU-PIRKIMU-BEI-DARBU-PLANAS.pdf\">2022 m. VIE\u0160\u0172J\u0172 PIRKIM\u0172 BEI DARB\u0172 PLANAS<\/a><\/div>\n\n\n\n<div class=\"wp-block-file\"><a id=\"wp-block-file--media-a2f6277b-7c16-48bf-90b9-d9335dd4d44a\" href=\"http:\/\/www.ausrosgimnazija.kalveliai.vilniausr.lm.lt\/wp-content\/uploads\/2021\/03\/Pirkim\u0173-planas-2021.pdf\">2021 m. VIE\u0160\u0172J\u0172 PIRKIM\u0172 BEI DARB\u0172 PLANAS <\/a><\/div>\n\n\n\n<div class=\"wp-block-file\"><a id=\"wp-block-file--media-da8d3110-2eb3-4aec-ba41-ff7a312fb228\" href=\"http:\/\/www.ausrosgimnazija.kalveliai.vilniausr.lm.lt\/wp-content\/uploads\/2021\/02\/PIRKIMU-PLANAS-2020.pdf\">2020 m. VIE\u0160\u0172J\u0172 PIRKIM\u0172 BEI DARB\u0172 PLANAS <\/a><\/div>\n\n\n\n<hr class=\"wp-block-separator has-css-opacity\"\/>\n\n\n\n<h3 class=\"wp-block-heading\">&nbsp;<\/h3>\n\n\n\n<p>Atnaujinta: 2026-03-02<\/p>\n","protected":false},"excerpt":{"rendered":"<p>Lietuvos Respublikos vie\u0161\u0173j\u0173 pirkim\u0173 \u012fstatymas https:\/\/www.e-tar.lt\/portal\/lt\/legalAct\/TAR.C54AFFAA7622 Aplinkos apsaugos kriterij\u0173 taikymo, vykdant \u017ealiuosius pirkimus, tvarkos apra\u0161as bei Produkt\u0173, kuri\u0173 vie\u0161iesiems pirkimams ir pirkimams taikytini minimal\u016bs aplinkos apsaugos kriterijai, s\u0105ra\u0161as https:\/\/www.e-tar.lt\/portal\/lt\/legalAct\/TAR.4B60A8C9678B\/asr Vilniaus r. Kalveli\u0173 &#8222;Au\u0161ros&#8221; gimnazijos ma\u017eos vert\u0117s vie\u0161ieji pirkimai organizuojami vadovaujantis <a href=\"https:\/\/www.ausros.vilniausr.lm.lt\/?page_id=81\" class=\"read-more\">Daugiau &#8230;<\/a><\/p>\n","protected":false},"author":3,"featured_media":0,"parent":0,"menu_order":0,"comment_status":"closed","ping_status":"closed","template":"","meta":{"footnotes":""},"class_list":["post-81","page","type-page","status-publish","hentry"],"_links":{"self":[{"href":"https:\/\/www.ausros.vilniausr.lm.lt\/index.php?rest_route=\/wp\/v2\/pages\/81","targetHints":{"allow":["GET"]}}],"collection":[{"href":"https:\/\/www.ausros.vilniausr.lm.lt\/index.php?rest_route=\/wp\/v2\/pages"}],"about":[{"href":"https:\/\/www.ausros.vilniausr.lm.lt\/index.php?rest_route=\/wp\/v2\/types\/page"}],"author":[{"embeddable":true,"href":"https:\/\/www.ausros.vilniausr.lm.lt\/index.php?rest_route=\/wp\/v2\/users\/3"}],"replies":[{"embeddable":true,"href":"https:\/\/www.ausros.vilniausr.lm.lt\/index.php?rest_route=%2Fwp%2Fv2%2Fcomments&post=81"}],"version-history":[{"count":25,"href":"https:\/\/www.ausros.vilniausr.lm.lt\/index.php?rest_route=\/wp\/v2\/pages\/81\/revisions"}],"predecessor-version":[{"id":13495,"href":"https:\/\/www.ausros.vilniausr.lm.lt\/index.php?rest_route=\/wp\/v2\/pages\/81\/revisions\/13495"}],"wp:attachment":[{"href":"https:\/\/www.ausros.vilniausr.lm.lt\/index.php?rest_route=%2Fwp%2Fv2%2Fmedia&parent=81"}],"curies":[{"name":"wp","href":"https:\/\/api.w.org\/{rel}","templated":true}]}}