{"id":83,"date":"2019-08-31T12:11:52","date_gmt":"2019-08-31T12:11:52","guid":{"rendered":"http:\/\/localhost:8080\/wordpress\/?page_id=83"},"modified":"2026-03-18T07:10:30","modified_gmt":"2026-03-18T07:10:30","slug":"finansiniu-ataskaitu-rinkiniai","status":"publish","type":"page","link":"https:\/\/www.ausros.vilniausr.lm.lt\/?page_id=83","title":{"rendered":"Finansini\u0173 ataskait\u0173 rinkiniai"},"content":{"rendered":"\n<div class=\"wp-block-file\"><a id=\"wp-block-file--media-42f3652c-88f5-414a-b368-ca7c8b998a5c\" href=\"https:\/\/www.ausros.vilniausr.lm.lt\/wp-content\/uploads\/2026\/03\/Metines-finansines-ataskaitos-uz-2025-m.pdf\" target=\"_blank\" rel=\"noreferrer noopener\">Metin\u0117s finansin\u0117s ataskaitos u\u017e 2025 m.<\/a><\/div>\n\n\n\n<div class=\"wp-block-file\"><a id=\"wp-block-file--media-0a29a77b-8060-4b74-9d18-919d0d09f19d\" href=\"https:\/\/www.ausrosgimnazija.kalveliai.vilniausr.lm.lt\/wp-content\/uploads\/2025\/03\/Metines-finansines-ataskaitos-uz-2024-m.pdf\" target=\"_blank\" rel=\"noreferrer noopener\">Metin\u0117s finansin\u0117s ataskaitos u\u017e 2024 m.<\/a><\/div>\n\n\n\n<div class=\"wp-block-file\"><a id=\"wp-block-file--media-841bd202-3dd5-487a-a5d7-3bad5e4a853f\" href=\"https:\/\/www.ausrosgimnazija.kalveliai.vilniausr.lm.lt\/wp-content\/uploads\/2024\/09\/Metines-finansines-ataskaitos-uz-2023-m.pdf\" target=\"_blank\" rel=\"noreferrer noopener\">Metin\u0117s finansin\u0117s ataskaitos u\u017e 2023 m.<\/a><\/div>\n\n\n\n<div class=\"wp-block-file\"><a id=\"wp-block-file--media-20a5a312-c937-451f-8bba-0af585b62f15\" href=\"https:\/\/www.ausrosgimnazija.kalveliai.vilniausr.lm.lt\/wp-content\/uploads\/2023\/05\/FAR-Kalveliu-Ausros-gimnazija-2022-.pdf\">Metin\u0117s finansin\u0117s ataskaitos u\u017e 2022 m.<\/a><\/div>\n\n\n\n<div class=\"wp-block-file\"><a id=\"wp-block-file--media-3611f64a-b7b3-4ce7-9b9c-3c4c50e88959\" href=\"http:\/\/www.ausrosgimnazija.kalveliai.vilniausr.lm.lt\/wp-content\/uploads\/2022\/06\/Metin\u0117s-finansin\u0117s-ataskaitos-u\u017e-2021m..pdf\">Metin\u0117s finansin\u0117s ataskaitos u\u017e 2021 m.<\/a><\/div>\n\n\n\n<div class=\"wp-block-file\"><a id=\"wp-block-file--media-75be9909-11ae-4163-b683-5efa970886b4\" href=\"http:\/\/www.ausrosgimnazija.kalveliai.vilniausr.lm.lt\/wp-content\/uploads\/2021\/07\/Metin\u0117s-finansin\u0117s-ataskaitos-u\u017e-2020m..pdf\">Metin\u0117s finansin\u0117s ataskaitos u\u017e 2020 m.<\/a><\/div>\n\n\n\n<div class=\"wp-block-file\"><a id=\"wp-block-file--media-30a0ac52-b0b7-4a95-816c-db9caf53f7b2\" href=\"http:\/\/www.ausrosgimnazija.kalveliai.vilniausr.lm.lt\/wp-content\/uploads\/2021\/07\/Metin\u0117s-finansin\u0117s-ataskaitos-2019m..pdf\">Metin\u0117s finansin\u0117s ataskaitos u\u017e 2019 m.<\/a><\/div>\n\n\n\n<div class=\"wp-block-file\"><a id=\"wp-block-file--media-6eca3b1d-a8f1-4046-b49c-6eab7565c3ab\" href=\"http:\/\/www.ausrosgimnazija.kalveliai.vilniausr.lm.lt\/wp-content\/uploads\/2021\/07\/Metin\u0117s-finasin\u0117s-ataskaitos-2018m..pdf\">Metin\u0117s finasin\u0117s ataskaitos u\u017e 2018 m.<\/a><\/div>\n\n\n\n<p><a href=\"http:\/\/www.ausrosgimnazija.kalveliai.vilniausr.lm.lt\/wp-content\/uploads\/2015\/09\/combinepdf.pdf\">2017 m. gruod\u017eio m\u0117n. finansin\u0117 ataskaita<\/a><br><a href=\"http:\/\/www.ausrosgimnazija.kalveliai.vilniausr.lm.lt\/wp-content\/uploads\/2015\/09\/combinepdf-1.pdf\">2017 m. gruod\u017eio m\u0117n. finansin\u0117 ataskaita 2<\/a><br><a href=\"http:\/\/www.ausrosgimnazija.kalveliai.vilniausr.lm.lt\/wp-content\/uploads\/2017\/07\/2016-m.-gruod%C5%BEio-m%C4%97n.-finansin%C4%97-ataskaita.pdf\">2016 m. gruod\u017eio m\u0117n. finansin\u0117 ataskaita<\/a><br><a href=\"http:\/\/www.ausrosgimnazija.kalveliai.vilniausr.lm.lt\/wp-content\/uploads\/2015\/10\/2014-m.-finansine-ataskaita.pdf\">2014 m. gruod\u017eio m\u0117n. finansin\u0117 ataskaita<\/a><\/p>\n\n\n\n<p>Atnaujinta: 2025-03-09<\/p>\n","protected":false},"excerpt":{"rendered":"<p>2017 m. gruod\u017eio m\u0117n. finansin\u0117 ataskaita2017 m. gruod\u017eio m\u0117n. finansin\u0117 ataskaita 22016 m. gruod\u017eio m\u0117n. finansin\u0117 ataskaita2014 m. gruod\u017eio m\u0117n. finansin\u0117 ataskaita Atnaujinta: 2025-03-09<\/p>\n","protected":false},"author":3,"featured_media":0,"parent":0,"menu_order":0,"comment_status":"closed","ping_status":"closed","template":"","meta":{"footnotes":""},"class_list":["post-83","page","type-page","status-publish","hentry"],"_links":{"self":[{"href":"https:\/\/www.ausros.vilniausr.lm.lt\/index.php?rest_route=\/wp\/v2\/pages\/83","targetHints":{"allow":["GET"]}}],"collection":[{"href":"https:\/\/www.ausros.vilniausr.lm.lt\/index.php?rest_route=\/wp\/v2\/pages"}],"about":[{"href":"https:\/\/www.ausros.vilniausr.lm.lt\/index.php?rest_route=\/wp\/v2\/types\/page"}],"author":[{"embeddable":true,"href":"https:\/\/www.ausros.vilniausr.lm.lt\/index.php?rest_route=\/wp\/v2\/users\/3"}],"replies":[{"embeddable":true,"href":"https:\/\/www.ausros.vilniausr.lm.lt\/index.php?rest_route=%2Fwp%2Fv2%2Fcomments&post=83"}],"version-history":[{"count":15,"href":"https:\/\/www.ausros.vilniausr.lm.lt\/index.php?rest_route=\/wp\/v2\/pages\/83\/revisions"}],"predecessor-version":[{"id":13551,"href":"https:\/\/www.ausros.vilniausr.lm.lt\/index.php?rest_route=\/wp\/v2\/pages\/83\/revisions\/13551"}],"wp:attachment":[{"href":"https:\/\/www.ausros.vilniausr.lm.lt\/index.php?rest_route=%2Fwp%2Fv2%2Fmedia&parent=83"}],"curies":[{"name":"wp","href":"https:\/\/api.w.org\/{rel}","templated":true}]}}