{"id":9449,"date":"2024-01-29T07:36:50","date_gmt":"2024-01-29T07:36:50","guid":{"rendered":"https:\/\/www.ausrosgimnazija.kalveliai.vilniausr.lm.lt\/?page_id=9449"},"modified":"2025-03-27T17:05:17","modified_gmt":"2025-03-27T17:05:17","slug":"itraukusis-ugdymas","status":"publish","type":"page","link":"https:\/\/www.ausros.vilniausr.lm.lt\/?page_id=9449","title":{"rendered":"\u012etraukusis ugdymas"},"content":{"rendered":"\n<div class=\"wp-block-file\"><a id=\"wp-block-file--media-5746f4fe-0ba0-45a5-8490-88fbe3e7dafc\" href=\"https:\/\/www.ausrosgimnazija.kalveliai.vilniausr.lm.lt\/wp-content\/uploads\/2024\/01\/ITRAUKIOJO-UGDYMO-IGYVENDINIMO-VEIKSMU-PLANAS-2023-2025-M.pdf\"><strong>\u012eTRAUKIOJO UGDYMO \u012eGYVENDINIMO VEIKSM\u0172 PLANAS 2023-2025 M.<\/strong><\/a><\/div>\n\n\n\n<div class=\"wp-block-file\"><a id=\"wp-block-file--media-6ddee1f4-3171-4684-bf56-db69a2ac6f6d\" href=\"https:\/\/www.ausrosgimnazija.kalveliai.vilniausr.lm.lt\/wp-content\/uploads\/2024\/01\/PASIRUOSIMAS-DARBIU-SU-VAIKAIS-TURINCIAIS-AUTIZMO-SPEKTRO-SUTRIKIMU.pdf\">PASIRUO\u0160IMAS DARBIU SU VAIKAIS TURIN\u010cIAIS AUTIZMO SPEKTRO SUTRIKIM\u0172<\/a><\/div>\n\n\n\n<div class=\"wp-block-file\"><a id=\"wp-block-file--media-7b2a9446-9a64-4aca-a729-44ae491d333e\" href=\"https:\/\/www.ausrosgimnazija.kalveliai.vilniausr.lm.lt\/wp-content\/uploads\/2024\/01\/RAIDOS-SUTRIKIMU-TURINCIU-VAIKU-UGDYMAS-BENDROJO-UGDYMO-GRUPEJE.pdf\">RAIDOS SUTRIKIMU TURIN\u010cIU VAIKU UGDYMAS BENDROJO UGDYMO GRUP\u0116JE<\/a><\/div>\n\n\n\n<div class=\"wp-block-file\"><a id=\"wp-block-file--media-8db1117d-6c5c-4c4c-8ed1-04af4adfdb63\" href=\"https:\/\/www.ausrosgimnazija.kalveliai.vilniausr.lm.lt\/wp-content\/uploads\/2024\/01\/IVAIRIAPUSIS-RAIDOS-SUTRIKIMAS-INTEGRACIJA-IKIMOKYKLINIO-IR-PRIESMOKYKLINIO-UGDYMO-ISTAIGOSE.pdf\">\u012eVAIRIAPUSIS RAIDOS SUTRIKIMAS: INTEGRACIJA IKIMOKYKLINIO IR PRIE\u0160MOKYKLINIO UGDYMO \u012eSTAIGOSE<\/a><\/div>\n\n\n\n<div class=\"wp-block-file\"><a id=\"wp-block-file--media-7e90bb41-20d5-4c60-9860-8de791ccbbe4\" href=\"https:\/\/www.ausrosgimnazija.kalveliai.vilniausr.lm.lt\/wp-content\/uploads\/2024\/01\/DEMESYS-KIEKVIENO-MOKINIO-MOKYMUISI-IR-PAZANGAI.pdf\">D\u0116MESYS KIEKVIENO MOKINIO MOKYMUISI IR PA\u017dANGAI<br><\/a><\/div>\n\n\n\n<p>Atnaujinta: 2025 01 02<\/p>\n","protected":false},"excerpt":{"rendered":"<p>Atnaujinta: 2025 01 02<\/p>\n","protected":false},"author":3,"featured_media":0,"parent":0,"menu_order":0,"comment_status":"closed","ping_status":"closed","template":"","meta":{"footnotes":""},"class_list":["post-9449","page","type-page","status-publish","hentry"],"_links":{"self":[{"href":"https:\/\/www.ausros.vilniausr.lm.lt\/index.php?rest_route=\/wp\/v2\/pages\/9449","targetHints":{"allow":["GET"]}}],"collection":[{"href":"https:\/\/www.ausros.vilniausr.lm.lt\/index.php?rest_route=\/wp\/v2\/pages"}],"about":[{"href":"https:\/\/www.ausros.vilniausr.lm.lt\/index.php?rest_route=\/wp\/v2\/types\/page"}],"author":[{"embeddable":true,"href":"https:\/\/www.ausros.vilniausr.lm.lt\/index.php?rest_route=\/wp\/v2\/users\/3"}],"replies":[{"embeddable":true,"href":"https:\/\/www.ausros.vilniausr.lm.lt\/index.php?rest_route=%2Fwp%2Fv2%2Fcomments&post=9449"}],"version-history":[{"count":5,"href":"https:\/\/www.ausros.vilniausr.lm.lt\/index.php?rest_route=\/wp\/v2\/pages\/9449\/revisions"}],"predecessor-version":[{"id":11809,"href":"https:\/\/www.ausros.vilniausr.lm.lt\/index.php?rest_route=\/wp\/v2\/pages\/9449\/revisions\/11809"}],"wp:attachment":[{"href":"https:\/\/www.ausros.vilniausr.lm.lt\/index.php?rest_route=%2Fwp%2Fv2%2Fmedia&parent=9449"}],"curies":[{"name":"wp","href":"https:\/\/api.w.org\/{rel}","templated":true}]}}