{"id":9502,"date":"2024-02-06T16:25:09","date_gmt":"2024-02-06T16:25:09","guid":{"rendered":"https:\/\/www.ausrosgimnazija.kalveliai.vilniausr.lm.lt\/?page_id=9502"},"modified":"2024-02-28T08:56:51","modified_gmt":"2024-02-28T08:56:51","slug":"projektai-2022-2023-m-m-2","status":"publish","type":"page","link":"https:\/\/www.ausros.vilniausr.lm.lt\/?page_id=9502","title":{"rendered":"Projektai 2023-2024 m. m."},"content":{"rendered":"\n<p><strong>\u201eTransparency International\u201c Lietuvos skyriaus kartu su Europos Komisijos atstovybe Lietuvoje <em>projektas<\/em>\u201eDalyvaujamasis biud\u017eetas mokyklose\u201c.<\/strong><\/p>\n\n\n\n<p><strong>Vykdymo trukm\u0117 \u2013<\/strong>&nbsp; 2023-2024 m. m.<\/p>\n\n\n\n<p><strong>Tikslas <\/strong>\u2013 \u012fgyvendinti dalyvaujam\u0105j\u012f biud\u017eet\u0105 Kalveli\u0173 \u201eAu\u0161ros\u201c gimnazijoje, kuris tapt\u0173 dar vienu geruoju pavyzd\u017eiu Lietuvoje, kai visi gimnazijos moksleiviai yra \u012ftraukiami \u012f vie\u0161\u0173j\u0173 sprendim\u0173 pri\u0117mim\u0105 gimnazijoje ir prisideda prie gimnazijos biud\u017eeto dalies paskirstymo.<\/p>\n\n\n\n<p><strong>Dalyviai \u2013<\/strong> 3-8, I-IV G kl. mokiniai.<\/p>\n\n\n\n<hr class=\"wp-block-separator has-alpha-channel-opacity\"\/>\n\n\n\n<p><strong>,,LITTLE SPACE EXPLORERS\u201c.<\/strong><\/p>\n\n\n\n<p><strong>Vykdymo trukm\u0117<\/strong>&nbsp;\u2013&nbsp; 2024 sausio m\u0117n. \u2013 2024 m. bir\u017eelio m\u0117n.<\/p>\n\n\n\n<p><strong>Tikslas<\/strong>&nbsp;\u2013 suteikti \u017eini\u0173 kosmoso ir dangaus klausimais.<\/p>\n\n\n\n<p><strong>U\u017edaviniai<\/strong>: tyrin\u0117ti ne\u017einomus tiek dangaus, tiek planet\u0173 aspektus; susipa\u017einti ir k\u016brybi\u0161kai pristatyti visas Saul\u0117s sistemos planetas; \u012ftraukti \u012f projekto veiklas mokini\u0173 t\u0117vus, socialinius partnerius; bendraujant su kit\u0173 \u0161ali\u0173 mokiniais, mokytojais (Zoom, WhatsApp, Padlet) mokytis vartoti angl\u0173 kalb\u0105 ir lavinti IKT \u012fg\u016bd\u017eius.<\/p>\n\n\n\n<p><strong>Dalyviai<\/strong>&nbsp;\u2013 mokiniai ir mokytojai i\u0161 Turkijos, Rumunijos, Graikijos, Azerbaid\u017eano, Jordanijos ir Lietuvos (tarp j\u0173 m\u016bs\u0173 gimnazijos 3 klas\u0117s mokiniai ir j\u0173 mokytoja).<\/p>\n\n\n\n<hr class=\"wp-block-separator has-alpha-channel-opacity\"\/>\n\n\n\n<p><strong>,,Zipio draugai\u201d.<\/strong><\/p>\n\n\n\n<p><strong>Vykdymo trukm\u0117 \u2013<\/strong>&nbsp; 2023-2024 m. m.<\/p>\n\n\n\n<p><strong>Tikslas \u2013<\/strong>&nbsp; pad\u0117ti vaikams i\u0161siugdyti socialinius bei emocini\u0173 sunkum\u0173 \u012fveikimo geb\u0117jimus, siekiant vaik\u0173 geresn\u0117s psichin\u0117s sveikatos ir emocin\u0117s gerov\u0117s.<\/p>\n\n\n\n<p><strong>U\u017edaviniai \u2013<\/strong>&nbsp; mokyti vaikus kaip suvokti ir kalb\u0117ti apie savo jausmus; ugdyti bendravimo ir bendradarbiavimo \u012fg\u016bd\u017eius; mokyti \u012fveikti kasdienius sunkumus; pad\u0117ti adaptuotis mokykloje.<\/p>\n\n\n\n<p><strong>Dalyviai \u2013<\/strong> 2 klas\u0117s mokiniai.<\/p>\n\n\n\n<hr class=\"wp-block-separator has-alpha-channel-opacity\"\/>\n\n\n\n<p><strong>\u201eMokom\u0117s bendrauti\u201c, tarptautin\u0117 programa ,,Obuolio draugai\u201d.<\/strong><\/p>\n\n\n\n<p><strong>Vykdymo trukm\u0117<\/strong> \u2013&nbsp; 2023-2024 m. m.<\/p>\n\n\n\n<p><strong>Tikslas <\/strong>\u2013 &nbsp;tobulinti jau turimus bei pad\u0117ti vaikui \u012fgyti nauj\u0173 sunkum\u0173 \u012fveikimo bei socialini\u0173 geb\u0117jim\u0173.<\/p>\n\n\n\n<p><strong>U\u017edaviniai \u2013<\/strong>&nbsp; suvokti ir kalb\u0117ti apie jausmus; mokyti: pasakyti tai, k\u0105 nori pasakyti; susidraugauti ir i\u0161saugoti draugyst\u0119; mokyti kreiptis pagalbos ir pad\u0117ti aplinkiniams; \u012fveikti vieni\u0161um\u0105, atst\u016bmim\u0105, paty\u010dias; lengviau i\u0161gyventi pasikeitimus ir netektis.<\/p>\n\n\n\n<p><strong>Dalyviai <\/strong>\u2013 3 klas\u0117s mokiniai.<\/p>\n\n\n\n<hr class=\"wp-block-separator has-alpha-channel-opacity\"\/>\n\n\n\n<p> <strong>\u201eSveikatiada\u201c<\/strong>.<\/p>\n\n\n\n<p><strong>Vykdymo trukm\u0117<\/strong> \u2013 2023-2024 m. m.<\/p>\n\n\n\n<p><strong>Tikslas <\/strong>\u2013 suteikti praktini\u0173 \u017eini\u0173 jaunajai kartai, kad vaikai ateityje netur\u0117t\u0173 sveikatos problem\u0173 ir geb\u0117t\u0173 atlikti informuotus sprendimus sveikos gyvensenos klausimais.<\/p>\n\n\n\n<p><strong>Dalyviai<\/strong> \u2013 prie\u0161mokyklinio ugdymo grup\u0117s vaikai.<\/p>\n\n\n\n<hr class=\"wp-block-separator has-alpha-channel-opacity\"\/>\n\n\n\n<p><strong>Gimnazijos projektas \u201eEuropos kalbos jungia tautas\u201c.<\/strong><\/p>\n\n\n\n<p><strong>Vykdymo trukm\u0117<\/strong> \u2013&nbsp; 2023 m. rugs\u0117jo 25-29 d.<\/p>\n\n\n\n<p><strong>Tikslas <\/strong>\u2013 &nbsp;paskatinti kalb\u0173 mokymosi \u012fvairov\u0119, i\u0161ugdyti pagarb\u0105 visoms Europos kalboms.<\/p>\n\n\n\n<p><strong>U\u017edaviniai \u2013<\/strong>&nbsp; skatinti mokini\u0173 nor\u0105 pa\u017einti kuo daugiau Europos \u0161ali\u0173 bei j\u0173 kalbas; skatinti mokinius pa\u017einti daugiau kalb\u0173 ir taip ugdyti tarpkult\u016brinio bendradarbiavimo ir supratimo geb\u0117jimus; skatinti mokini\u0173 susidom\u0117jim\u0105 mokslu bei ugdyti&nbsp; problem\u0173 sprendimo, tyrin\u0117jimo, mok\u0117jimo mokytis kompetencijas.<\/p>\n\n\n\n<p><strong>Dalyviai <\/strong>\u2013 1-4, 5-8, I-IV G kl. mokiniai. &nbsp;<\/p>\n\n\n\n<hr class=\"wp-block-separator has-alpha-channel-opacity\"\/>\n\n\n\n<p><strong>Gimnazijos projektas \u201eU\u017egav\u0117ni\u0173 kauki\u0173 paradas\u201c.<\/strong><\/p>\n\n\n\n<p><strong>Vykdymo trukm\u0117<\/strong> \u2013&nbsp; 2024-02-05 iki 2024-03-31<\/p>\n\n\n\n<p><strong>Tikslas <\/strong>\u2013 &nbsp;skatinti dom\u0117jim\u0105si U\u017egav\u0117ni\u0173 tradicijomis.<\/p>\n\n\n\n<p><strong>U\u017edaviniai \u2013<\/strong>&nbsp; mokiniai susipa\u017eins su U\u017egav\u0117ni\u0173 kauki\u0173 istorija; pagamins i\u0161 atliek\u0173 kaukes; organizuos kauki\u0173 parod\u0105.<\/p>\n\n\n\n<p><strong>Dalyviai <\/strong>\u2013 5-8, I-II G kl. mokiniai. &nbsp;<\/p>\n\n\n\n<hr class=\"wp-block-separator has-alpha-channel-opacity\"\/>\n\n\n\n<p><strong>Gimnazijos projektas \u201eSkaitau draugui\u201c.<\/strong><\/p>\n\n\n\n<p><strong>Vykdymo trukm\u0117<\/strong> \u2013&nbsp; 2023-2024 m. m.<\/p>\n\n\n\n<p><strong>Tikslas<\/strong> \u2013 Ugdyti s\u0105moning\u0105 skaitytoj\u0105 ir klausytoj\u0105.<\/p>\n\n\n\n<p><strong>U\u017edaviniai: <\/strong>pagal mokini\u0173 geb\u0117jimus skaityti lietuvi\u0173 ir u\u017esienio autori\u0173 knygas; dalytis skaitymo patirtimi ir aktyviai i\u0161sakyti nuomon\u0119 apie perskaityt\u0105 tekst\u0105; tobulinti savo skaitymo ir klausymo geb\u0117jimus; patirti skaitymo naud\u0105 ir teikiam\u0105 d\u017eiaugsm\u0105, malonum\u0105.<\/p>\n\n\n\n<p><strong>Dalyviai <\/strong>\u2013 1-4 klasi\u0173 mokiniai, prie\u0161mokyklinio ugdymo grup\u0117s vaikai<\/p>\n\n\n\n<hr class=\"wp-block-separator has-alpha-channel-opacity\"\/>\n\n\n\n<p><strong>Gimnazijos projektas \u201e\u017dod\u017ei\u0173 d\u0117\u017eut\u0117\u201c.<\/strong><\/p>\n\n\n\n<p><strong>Vykdymo trukm\u0117<\/strong>&nbsp;\u2013&nbsp; 2023-2024 m. m.<\/p>\n\n\n\n<p><strong>Tikslas&nbsp;<\/strong>\u2013 Turtinti mokini\u0173 \u017eodyn\u0105 bei lavinti ri\u0161li\u0105j\u0105 kalb\u0105.<\/p>\n\n\n\n<p><strong>U\u017edaviniai: <\/strong>ai\u0161kinti vaizding\u0173 posaki\u0173 reik\u0161m\u0119 ir skatinti juos vartoti; stengtis savo ir kit\u0173 kalboje pasteb\u0117ti nevartotinus \u017eod\u017eius ir rinkti lietuvi\u0173 kalbos \u201e\u0161iuk\u0161li\u0173\u201c \u017eodyn\u0117l\u012f; mokytis vartoti \u017einomus ir naujai i\u0161moktus \u017eod\u017eius.<\/p>\n\n\n\n<p><strong>Dalyviai \u2013&nbsp;<\/strong>2-4 klasi\u0173 mokiniai.<\/p>\n\n\n\n<hr class=\"wp-block-separator has-alpha-channel-opacity\"\/>\n\n\n\n<p><strong><strong>Projektas ,,Skaitmeninio ugdymo turinio k\u016brimas ir diegimas\u201c<\/strong><\/strong>.<\/p>\n\n\n\n<p><strong>Vykdymo trukm\u0117<\/strong>&nbsp;\u2013&nbsp; 2023-2024 m. m.<\/p>\n\n\n\n<p><strong>Tikslas&nbsp;<\/strong>\u2013 atnaujinti bendrojo ugdymo turin\u012f ir u\u017etikrinti veiksming\u0105 jo diegim\u0105.<\/p>\n\n\n\n<p><strong>U\u017edaviniai: <\/strong><\/p>\n\n\n\n<p>1.&nbsp;&nbsp;&nbsp;&nbsp; Parengti priemones ugdymo turiniui atnaujinti.<\/p>\n\n\n\n<p>2.&nbsp;&nbsp;&nbsp;&nbsp; Teikti steig\u0117jams ir mokykloms pagalb\u0105, reikaling\u0105 s\u0117kmingai \u012fgyvendinti atnaujint\u0105 ugdymo turin\u012f.<\/p>\n\n\n\n<p><a href=\"https:\/\/www.ausrosgimnazija.kalveliai.vilniausr.lm.lt\/?page_id=9672\">I\u0161samiau apie projekt\u0105<\/a><\/p>\n\n\n\n<p>Atnaujinta: 2024-02-22<\/p>\n","protected":false},"excerpt":{"rendered":"<p>\u201eTransparency International\u201c Lietuvos skyriaus kartu su Europos Komisijos atstovybe Lietuvoje projektas\u201eDalyvaujamasis biud\u017eetas mokyklose\u201c. Vykdymo trukm\u0117 \u2013&nbsp; 2023-2024 m. m. Tikslas \u2013 \u012fgyvendinti dalyvaujam\u0105j\u012f biud\u017eet\u0105 Kalveli\u0173 \u201eAu\u0161ros\u201c gimnazijoje, kuris tapt\u0173 dar vienu geruoju pavyzd\u017eiu Lietuvoje, kai visi gimnazijos moksleiviai yra \u012ftraukiami <a href=\"https:\/\/www.ausros.vilniausr.lm.lt\/?page_id=9502\" class=\"read-more\">Daugiau &#8230;<\/a><\/p>\n","protected":false},"author":3,"featured_media":0,"parent":0,"menu_order":0,"comment_status":"closed","ping_status":"closed","template":"","meta":{"footnotes":""},"class_list":["post-9502","page","type-page","status-publish","hentry"],"_links":{"self":[{"href":"https:\/\/www.ausros.vilniausr.lm.lt\/index.php?rest_route=\/wp\/v2\/pages\/9502","targetHints":{"allow":["GET"]}}],"collection":[{"href":"https:\/\/www.ausros.vilniausr.lm.lt\/index.php?rest_route=\/wp\/v2\/pages"}],"about":[{"href":"https:\/\/www.ausros.vilniausr.lm.lt\/index.php?rest_route=\/wp\/v2\/types\/page"}],"author":[{"embeddable":true,"href":"https:\/\/www.ausros.vilniausr.lm.lt\/index.php?rest_route=\/wp\/v2\/users\/3"}],"replies":[{"embeddable":true,"href":"https:\/\/www.ausros.vilniausr.lm.lt\/index.php?rest_route=%2Fwp%2Fv2%2Fcomments&post=9502"}],"version-history":[{"count":8,"href":"https:\/\/www.ausros.vilniausr.lm.lt\/index.php?rest_route=\/wp\/v2\/pages\/9502\/revisions"}],"predecessor-version":[{"id":9677,"href":"https:\/\/www.ausros.vilniausr.lm.lt\/index.php?rest_route=\/wp\/v2\/pages\/9502\/revisions\/9677"}],"wp:attachment":[{"href":"https:\/\/www.ausros.vilniausr.lm.lt\/index.php?rest_route=%2Fwp%2Fv2%2Fmedia&parent=9502"}],"curies":[{"name":"wp","href":"https:\/\/api.w.org\/{rel}","templated":true}]}}